{"id":15018,"date":"2025-09-11T03:41:18","date_gmt":"2025-09-11T03:41:18","guid":{"rendered":"https:\/\/slategrey-meerkat-459541.hostingersite.com\/?page_id=15018"},"modified":"2025-09-11T03:46:37","modified_gmt":"2025-09-11T03:46:37","slug":"sou-cliente","status":"publish","type":"page","link":"https:\/\/ammsolutions.com.br\/es\/sou-cliente\/","title":{"rendered":"Sou Cliente"},"content":{"rendered":"<div data-elementor-type=\"wp-page\" data-elementor-id=\"15018\" class=\"elementor elementor-15018\" data-elementor-post-type=\"page\">\n\t\t\t\t<div class=\"elementor-element elementor-element-undefined-0fe7caf e-flex e-con-boxed e-con e-parent\" data-id=\"undefined-0fe7caf\" data-element_type=\"container\" data-e-type=\"container\" data-settings=\"{&quot;background_background&quot;:&quot;classic&quot;}\">\t\t\t<div class=\"e-con-inner\">\r\n\t\t<div class=\"elementor-element elementor-element-undefined-f71f47d e-flex e-con-boxed e-con e-child\" data-id=\"undefined-f71f47d\" data-element_type=\"container\" data-e-type=\"container\" data-settings=\"{&quot;background_background&quot;:&quot;classic&quot;}\">\t\t\t<div class=\"e-con-inner\">\r\n\t\t\t\t<div class=\"elementor-element elementor-element-undefined-87cdfef elementor-widget elementor-widget-heading\" data-id=\"undefined-87cdfef\" data-element_type=\"widget\" data-e-type=\"widget\" data-widget_type=\"heading.default\">\n\t\t\t\t\t<h2 class=\"elementor-heading-title elementor-size-default\">Entre para realizar o login<\/h2>\t\t\t\t<\/div>\n\t\t\t\t<div class=\"elementor-element elementor-element-de5b85f elementor-widget elementor-widget-login\" data-id=\"de5b85f\" data-element_type=\"widget\" data-e-type=\"widget\" data-widget_type=\"login.default\">\n\t\t\t\t\t\t\t<form class=\"elementor-login elementor-form\" method=\"post\" action=\"https:\/\/ammsolutions.com.br\/wp-login.php\" aria-label=\"Login form\">\n\t\t\t<input type=\"hidden\" name=\"redirect_to\" value=\"\/es\/wp-json\/wp\/v2\/pages\/15018\">\n\t\t\t<div class=\"elementor-form-fields-wrapper\">\n\t\t\t\t<div class=\"elementor-field-type-text elementor-field-group elementor-column elementor-col-100 elementor-field-required\">\n\t\t\t\t\t<label for=\"user-de5b85f\" class=\"elementor-field-label\">Username or Email Address<\/label>\n\t\t\t\t\t<input size=\"1\" type=\"text\" name=\"log\" id=\"user-de5b85f\" placeholder=\"\" class=\"elementor-field elementor-field-textual elementor-size-sm\">\n\t\t\t\t<\/div>\n\t\t\t\t<div class=\"elementor-field-type-text elementor-field-group elementor-column elementor-col-100 elementor-field-required\">\n\t\t\t\t\t<label for=\"password-de5b85f\" class=\"elementor-field-label\">Password<\/label>\n\t\t\t\t\t<input size=\"1\" type=\"password\" name=\"pwd\" id=\"password-de5b85f\" placeholder=\"\" class=\"elementor-field elementor-field-textual elementor-size-sm\">\n\t\t\t\t<\/div>\n\n\t\t\t\t\t\t\t\t\t<div class=\"elementor-field-type-checkbox elementor-field-group elementor-column elementor-col-100 elementor-remember-me\">\n\t\t\t\t\t\t<label for=\"elementor-login-remember-me\">\n\t\t\t\t\t\t\t<input type=\"checkbox\" id=\"elementor-login-remember-me\" name=\"rememberme\" value=\"forever\">\n\t\t\t\t\t\t\tRecu\u00e9rdame\t\t\t\t\t\t<\/label>\n\t\t\t\t\t<\/div>\n\t\t\t\t\n\t\t\t\t<div class=\"elementor-field-group elementor-column elementor-field-type-submit elementor-col-100\">\n\t\t\t\t\t<button type=\"submit\" class=\"elementor-size-sm elementor-button\" name=\"wp-submit\">\n\t\t\t\t\t\t\t\t\t\t\t\t\t\t\t<span class=\"elementor-button-text\">Log In<\/span>\n\t\t\t\t\t\t\t\t\t\t\t\t<\/button>\n\t\t\t\t<\/div>\n\n\t\t\t\t\t\t\t\t\t<div class=\"elementor-field-group elementor-column elementor-col-100\">\n\t\t\t\t\t\t\t\t\t\t\t\t\t\t\t\t\t\t\t\t<a class=\"elementor-lost-password\" href=\"https:\/\/ammsolutions.com.br\/wp-login.php?action=lostpassword&redirect_to=%2Fes%2Fwp-json%2Fwp%2Fv2%2Fpages%2F15018\">\n\t\t\t\t\t\t\t\t\u00bfOlvid\u00f3 su contrase\u00f1a?\t\t\t\t\t\t\t<\/a>\n\t\t\t\t\t\t\n\t\t\t\t\t\t\t\t\t\t\t<\/div>\n\t\t\t\t\t\t\t<\/div>\n\t\t<\/form>\n\t\t\t\t\t\t<\/div>\n\t\t\t\t\t<\/div>\r\n\t\t\t\t<\/div>\r\n\t\t\t\t\t<\/div>\r\n\t\t\t\t<\/div>\r\n\t\t\t\t<\/div>","protected":false},"excerpt":{"rendered":"<p>Entre para realizar o login<\/p>","protected":false},"author":1,"featured_media":0,"parent":0,"menu_order":0,"comment_status":"closed","ping_status":"closed","template":"","meta":{"footnotes":""},"class_list":["post-15018","page","type-page","status-publish","hentry"],"yoast_head":"<!-- This site is optimized with the Yoast SEO Premium plugin v26.2 (Yoast SEO v26.2) - https:\/\/yoast.com\/wordpress\/plugins\/seo\/ -->\n<title>Sou Cliente | AMM Solutions<\/title>\n<meta name=\"robots\" content=\"index, follow, max-snippet:-1, max-image-preview:large, max-video-preview:-1\" \/>\n<link rel=\"canonical\" href=\"https:\/\/ammsolutions.com.br\/es\/sou-cliente\/\" \/>\n<meta property=\"og:locale\" content=\"es_ES\" \/>\n<meta property=\"og:type\" content=\"article\" \/>\n<meta property=\"og:title\" content=\"Sou Cliente\" \/>\n<meta property=\"og:description\" content=\"Entre para realizar o login\" \/>\n<meta property=\"og:url\" content=\"https:\/\/ammsolutions.com.br\/es\/sou-cliente\/\" \/>\n<meta property=\"og:site_name\" content=\"AMM Solutions\" \/>\n<meta property=\"article:publisher\" content=\"https:\/\/www.facebook.com\/AmmSolutionsInformatica\" \/>\n<meta property=\"article:modified_time\" content=\"2025-09-11T03:46:37+00:00\" \/>\n<meta name=\"twitter:card\" content=\"summary_large_image\" \/>\n<script type=\"application\/ld+json\" class=\"yoast-schema-graph\">{\"@context\":\"https:\/\/schema.org\",\"@graph\":[{\"@type\":\"WebPage\",\"@id\":\"https:\/\/ammsolutions.com.br\/sou-cliente\/\",\"url\":\"https:\/\/ammsolutions.com.br\/sou-cliente\/\",\"name\":\"Sou Cliente | AMM Solutions\",\"isPartOf\":{\"@id\":\"https:\/\/www.slategrey-meerkat-459541.hostingersite.com\/es\/#website\"},\"datePublished\":\"2025-09-11T03:41:18+00:00\",\"dateModified\":\"2025-09-11T03:46:37+00:00\",\"breadcrumb\":{\"@id\":\"https:\/\/ammsolutions.com.br\/sou-cliente\/#breadcrumb\"},\"inLanguage\":\"es\",\"potentialAction\":[{\"@type\":\"ReadAction\",\"target\":[\"https:\/\/ammsolutions.com.br\/sou-cliente\/\"]}]},{\"@type\":\"BreadcrumbList\",\"@id\":\"https:\/\/ammsolutions.com.br\/sou-cliente\/#breadcrumb\",\"itemListElement\":[{\"@type\":\"ListItem\",\"position\":1,\"name\":\"In\u00edcio\",\"item\":\"https:\/\/www.slategrey-meerkat-459541.hostingersite.com\/es\/\"},{\"@type\":\"ListItem\",\"position\":2,\"name\":\"Sou Cliente\"}]},{\"@type\":\"WebSite\",\"@id\":\"https:\/\/www.slategrey-meerkat-459541.hostingersite.com\/es\/#website\",\"url\":\"https:\/\/www.slategrey-meerkat-459541.hostingersite.com\/es\/\",\"name\":\"AMM Solutions\",\"description\":\"Sua Parceira IBM no Brasil!\",\"publisher\":{\"@id\":\"https:\/\/www.slategrey-meerkat-459541.hostingersite.com\/es\/#organization\"},\"potentialAction\":[{\"@type\":\"SearchAction\",\"target\":{\"@type\":\"EntryPoint\",\"urlTemplate\":\"https:\/\/www.slategrey-meerkat-459541.hostingersite.com\/es\/?s={search_term_string}\"},\"query-input\":{\"@type\":\"PropertyValueSpecification\",\"valueRequired\":true,\"valueName\":\"search_term_string\"}}],\"inLanguage\":\"es\"},{\"@type\":[\"Organization\",\"Place\"],\"@id\":\"https:\/\/www.slategrey-meerkat-459541.hostingersite.com\/es\/#organization\",\"name\":\"AMM Solutions\",\"url\":\"https:\/\/www.slategrey-meerkat-459541.hostingersite.com\/es\/\",\"logo\":{\"@id\":\"https:\/\/ammsolutions.com.br\/sou-cliente\/#local-main-organization-logo\"},\"image\":{\"@id\":\"https:\/\/ammsolutions.com.br\/sou-cliente\/#local-main-organization-logo\"},\"sameAs\":[\"https:\/\/www.facebook.com\/AmmSolutionsInformatica\",\"https:\/\/www.instagram.com\/ammsolutions.as400\",\"https:\/\/www.youtube.com\/@ammsolutions\",\"https:\/\/www.linkedin.com\/company\/amm-solutions\"],\"description\":\"Especialista em Gest\u00e3o e Suporte IBM i (AS\/400) , por\u00e9m vamos al\u00e9m para atender toda a Infraestrutura de TI com Servidores e Storages de Alta Perfomance, Cloud, Backup e Solu\u00e7\u00f5es de Cyber Resili\u00eancia.\",\"address\":{\"@id\":\"https:\/\/ammsolutions.com.br\/sou-cliente\/#local-main-place-address\"},\"telephone\":[],\"openingHoursSpecification\":[{\"@type\":\"OpeningHoursSpecification\",\"dayOfWeek\":[\"Monday\",\"Tuesday\",\"Wednesday\",\"Thursday\",\"Friday\",\"Saturday\",\"Sunday\"],\"opens\":\"09:00\",\"closes\":\"17:00\"}],\"globalLocationNumber\":\"3RX9+9H Centro, Rio de Janeiro - RJ\"},{\"@type\":\"PostalAddress\",\"@id\":\"https:\/\/ammsolutions.com.br\/sou-cliente\/#local-main-place-address\",\"streetAddress\":\"Av. Pres. Vargas, 542 - Sala 1402, Centro\",\"addressLocality\":\"Rio de Janeiro\",\"postalCode\":\"20071-002\",\"addressRegion\":\"Rj\",\"addressCountry\":\"BR\"},{\"@type\":\"ImageObject\",\"inLanguage\":\"es\",\"@id\":\"https:\/\/ammsolutions.com.br\/sou-cliente\/#local-main-organization-logo\",\"url\":\"https:\/\/ammsolutions.com.br\/wp-content\/uploads\/2024\/01\/cropped-cropped-logo-amm-solutions-cor-fundo-transparente-1.png\",\"contentUrl\":\"https:\/\/ammsolutions.com.br\/wp-content\/uploads\/2024\/01\/cropped-cropped-logo-amm-solutions-cor-fundo-transparente-1.png\",\"width\":240,\"height\":136,\"caption\":\"AMM Solutions\"}]}<\/script>\n<meta name=\"geo.placename\" content=\"Rio de Janeiro\" \/>\n<meta name=\"geo.region\" content=\"Brasil\" \/>\n<!-- \/ Yoast SEO Premium plugin. -->","yoast_head_json":{"title":"Sou Cliente | AMM Solutions","robots":{"index":"index","follow":"follow","max-snippet":"max-snippet:-1","max-image-preview":"max-image-preview:large","max-video-preview":"max-video-preview:-1"},"canonical":"https:\/\/ammsolutions.com.br\/es\/sou-cliente\/","og_locale":"es_ES","og_type":"article","og_title":"Sou Cliente","og_description":"Entre para realizar o login","og_url":"https:\/\/ammsolutions.com.br\/es\/sou-cliente\/","og_site_name":"AMM Solutions","article_publisher":"https:\/\/www.facebook.com\/AmmSolutionsInformatica","article_modified_time":"2025-09-11T03:46:37+00:00","twitter_card":"summary_large_image","schema":{"@context":"https:\/\/schema.org","@graph":[{"@type":"WebPage","@id":"https:\/\/ammsolutions.com.br\/sou-cliente\/","url":"https:\/\/ammsolutions.com.br\/sou-cliente\/","name":"Sou Cliente | AMM Solutions","isPartOf":{"@id":"https:\/\/www.slategrey-meerkat-459541.hostingersite.com\/es\/#website"},"datePublished":"2025-09-11T03:41:18+00:00","dateModified":"2025-09-11T03:46:37+00:00","breadcrumb":{"@id":"https:\/\/ammsolutions.com.br\/sou-cliente\/#breadcrumb"},"inLanguage":"es","potentialAction":[{"@type":"ReadAction","target":["https:\/\/ammsolutions.com.br\/sou-cliente\/"]}]},{"@type":"BreadcrumbList","@id":"https:\/\/ammsolutions.com.br\/sou-cliente\/#breadcrumb","itemListElement":[{"@type":"ListItem","position":1,"name":"In\u00edcio","item":"https:\/\/www.slategrey-meerkat-459541.hostingersite.com\/es\/"},{"@type":"ListItem","position":2,"name":"Sou Cliente"}]},{"@type":"WebSite","@id":"https:\/\/www.slategrey-meerkat-459541.hostingersite.com\/es\/#website","url":"https:\/\/www.slategrey-meerkat-459541.hostingersite.com\/es\/","name":"AMM Solutions","description":"Sua Parceira IBM no Brasil!","publisher":{"@id":"https:\/\/www.slategrey-meerkat-459541.hostingersite.com\/es\/#organization"},"potentialAction":[{"@type":"SearchAction","target":{"@type":"EntryPoint","urlTemplate":"https:\/\/www.slategrey-meerkat-459541.hostingersite.com\/es\/?s={search_term_string}"},"query-input":{"@type":"PropertyValueSpecification","valueRequired":true,"valueName":"search_term_string"}}],"inLanguage":"es"},{"@type":["Organization","Place"],"@id":"https:\/\/www.slategrey-meerkat-459541.hostingersite.com\/es\/#organization","name":"AMM Solutions","url":"https:\/\/www.slategrey-meerkat-459541.hostingersite.com\/es\/","logo":{"@id":"https:\/\/ammsolutions.com.br\/sou-cliente\/#local-main-organization-logo"},"image":{"@id":"https:\/\/ammsolutions.com.br\/sou-cliente\/#local-main-organization-logo"},"sameAs":["https:\/\/www.facebook.com\/AmmSolutionsInformatica","https:\/\/www.instagram.com\/ammsolutions.as400","https:\/\/www.youtube.com\/@ammsolutions","https:\/\/www.linkedin.com\/company\/amm-solutions"],"description":"Especialista em Gest\u00e3o e Suporte IBM i (AS\/400) , por\u00e9m vamos al\u00e9m para atender toda a Infraestrutura de TI com Servidores e Storages de Alta Perfomance, Cloud, Backup e Solu\u00e7\u00f5es de Cyber Resili\u00eancia.","address":{"@id":"https:\/\/ammsolutions.com.br\/sou-cliente\/#local-main-place-address"},"telephone":[],"openingHoursSpecification":[{"@type":"OpeningHoursSpecification","dayOfWeek":["Monday","Tuesday","Wednesday","Thursday","Friday","Saturday","Sunday"],"opens":"09:00","closes":"17:00"}],"globalLocationNumber":"3RX9+9H Centro, Rio de Janeiro - RJ"},{"@type":"PostalAddress","@id":"https:\/\/ammsolutions.com.br\/sou-cliente\/#local-main-place-address","streetAddress":"Av. Pres. Vargas, 542 - Sala 1402, Centro","addressLocality":"Rio de Janeiro","postalCode":"20071-002","addressRegion":"Rj","addressCountry":"BR"},{"@type":"ImageObject","inLanguage":"es","@id":"https:\/\/ammsolutions.com.br\/sou-cliente\/#local-main-organization-logo","url":"https:\/\/ammsolutions.com.br\/wp-content\/uploads\/2024\/01\/cropped-cropped-logo-amm-solutions-cor-fundo-transparente-1.png","contentUrl":"https:\/\/ammsolutions.com.br\/wp-content\/uploads\/2024\/01\/cropped-cropped-logo-amm-solutions-cor-fundo-transparente-1.png","width":240,"height":136,"caption":"AMM Solutions"}]},"geo.placename":"Rio de Janeiro","geo.region":"Brasil"},"_hostinger_reach_plugin_has_subscription_block":false,"_hostinger_reach_plugin_is_elementor":false,"_links":{"self":[{"href":"https:\/\/ammsolutions.com.br\/es\/wp-json\/wp\/v2\/pages\/15018","targetHints":{"allow":["GET"]}}],"collection":[{"href":"https:\/\/ammsolutions.com.br\/es\/wp-json\/wp\/v2\/pages"}],"about":[{"href":"https:\/\/ammsolutions.com.br\/es\/wp-json\/wp\/v2\/types\/page"}],"author":[{"embeddable":true,"href":"https:\/\/ammsolutions.com.br\/es\/wp-json\/wp\/v2\/users\/1"}],"replies":[{"embeddable":true,"href":"https:\/\/ammsolutions.com.br\/es\/wp-json\/wp\/v2\/comments?post=15018"}],"version-history":[{"count":4,"href":"https:\/\/ammsolutions.com.br\/es\/wp-json\/wp\/v2\/pages\/15018\/revisions"}],"predecessor-version":[{"id":15022,"href":"https:\/\/ammsolutions.com.br\/es\/wp-json\/wp\/v2\/pages\/15018\/revisions\/15022"}],"wp:attachment":[{"href":"https:\/\/ammsolutions.com.br\/es\/wp-json\/wp\/v2\/media?parent=15018"}],"curies":[{"name":"wp","href":"https:\/\/api.w.org\/{rel}","templated":true}]}}